{"id":11,"date":"2007-06-08T18:23:36","date_gmt":"2007-06-08T16:23:36","guid":{"rendered":"http:\/\/pulafit.hr\/wp\/?page_id=11"},"modified":"2018-07-03T18:44:57","modified_gmt":"2018-07-03T17:44:57","slug":"o-klubu","status":"publish","type":"page","link":"http:\/\/pulafit.hr\/wp\/?page_id=11","title":{"rendered":"Klub"},"content":{"rendered":"<h1 align=\"center\"><strong><a href=\"http:\/\/pulafit.hr\/wp\/wp-content\/uploads\/2007\/06\/jkpulafit.jpg\"><img decoding=\"async\" loading=\"lazy\" width=\"299\" height=\"264\" class=\"aligncenter size-full wp-image-1589\" alt=\"jkpulafit\" src=\"http:\/\/pulafit.hr\/wp\/wp-content\/uploads\/2007\/06\/jkpulafit.jpg\"\/><\/a>&nbsp; JUDO KLUB PULAFIT&nbsp;&nbsp;<\/strong><\/h1>\n<p align=\"center\"><strong>52100 PULA &#8211; CROATIA<br \/>\nul . Trg 1. ISTARSKE BRIGADE 10\/3.<\/strong><\/p>\n<p align=\"center\">OIB:38839933451&nbsp;; &nbsp;MBS:1630431<\/p>\n<p align=\"center\">RNO broj: 0077109<\/p>\n<p align=\"center\">\u017eiro ra\u010dun RBA banka&nbsp;IBAN: HR 59&nbsp;2484008 1101226707<\/p>\n<p align=\"center\"><strong>treninzi se odr\u017eavaju u sportskoj dvorani na III katu.<\/strong><\/p>\n<p align=\"center\"><em><strong>KONTAKT:<\/strong><\/em><\/p>\n<p align=\"center\"><strong>tel: 00385(0)91 1254 237<\/strong><br \/>\n<strong>E-mail<\/strong>: jkpulafit@gmail.com<\/p>\n<p align=\"center\">\u017delimo ti srda\u010dnu dobrodo\u0161licu u judo klub &#8221; PULAFIT &#8221; vjerujem da \u0107e\u0161 zavoljeti ovaj lijepi sport i da \u0107e\u0161 marljivo vje\u017ebati i napredovati u svom sportskom usavr\u0161avanju.<\/p>\n<h3 align=\"center\">Mi u\u010dimo djecu da budu pobjednici u \u017eivotu.<\/h3>\n<p style=\"text-align: center;\"><img decoding=\"async\" alt=\"Karta do kluba\" src=\"http:\/\/www.pulafit.hr\/images\/karta.jpg\"\/><\/p>\n<p align=\"center\">&nbsp;Nalazimo se u Puli &#8211; \u0160ijana kod novog autobusnog kolodvora u zgradi iznad Italuniona&nbsp;3. kat.<\/p>\n<p align=\"center\">We are located in Pula &#8211; \u0160ijana at the new bus station in the building above the&nbsp;third floor .<\/p>\n<p align=\"center\"><a title=\"judo klub pulafit\" href=\"http:\/\/pulafit.hr\/wp\/wp-content\/uploads\/2007\/10\/pulafit-plan-grada.jpg\"><img decoding=\"async\" alt=\"judo klub pulafit\" src=\"http:\/\/pulafit.hr\/wp\/wp-content\/uploads\/2007\/10\/pulafit-plan-grada.thumbnail.jpg\"\/><\/a><\/p>\n<p>Tvoj klub osnovan je 03. travnja 2002. godine i jedan je od mla\u0111ih klubova osnovanih u Hrvatskoj . Judo klub PULAFIT je \u010dlan Hrvatskog judo saveza i judo saveza Istarske \u017eupanije te \u010dlan&nbsp;Sportske zajednice&nbsp;grada Pule .<\/p>\n<p>Klub ima za cilj u\u010denje , odgoj i promicanje judo \u0161porta kod mladih , pribli\u017eiti im judo \u0161port. Kroz u\u010denje i treniranje juda stvoriti zdravu i sposobnu osobu da mo\u017ee razlikovati dobro od zla , vrednote koje \u010dovjeka razlikuje od \u017eivotinja , a isto tako da sutra mo\u017ee odgajati i u\u010diti svoju djecu pozitivnom i sportskom duhu , podi\u017eu\u0107i na taj na\u010din i kvalitetu svog \u017eivota . Istovremeno ne dopustiti da dijete odgaja ulica i ukazati na \u0161tetnost uzimanja i konzumiranja svih ostalih poroka ( alkohola, droge ,cigareta idr.) svemu onome \u010demu su danas mladi ljudi izlo\u017eeni. Pokazati smisao \u017eivota , omogu\u0107iti mladom \u010dovjeku da sav vi\u0161ak energije koji ima ostavi u sportskoj dvorani.<\/p>\n<p><a title=\"jez21.gif\" href=\"http:\/\/pulafit.hr\/wp\/wp-content\/uploads\/2008\/12\/jez21.gif\"><img decoding=\"async\" loading=\"lazy\" width=\"64\" height=\"33\" style=\"width: 64px; height: 33px;\" alt=\"jez21.gif\" src=\"http:\/\/pulafit.hr\/wp\/wp-content\/uploads\/2008\/12\/jez21.thumbnail.gif\"\/><\/a><\/p>\n<p>We wish you a warm Welcome in the judo club &#8220;PULAFIT&#8221; believe that you will love this beautiful sport, and that you practice hard and get along in their sports training.<\/p>\n<p align=\"center\"><strong>We are children we learn to be winners in life.<\/strong><\/p>\n<p align=\"left\">Your club was founded in the 03rd April 2002. years and is one of the younger clubs established in Croatia. &#8220;PULAFIT &#8221; judo club is a member of the Croatian Judo Federation and the League of judo Istria&nbsp;Region and a member of the League sports town of Pula.<\/p>\n<p align=\"left\">The club is aimed at learning, education and promotion of Judo Sports at the young, closer to the sport of judo. Through learning and training Judas create healthy and capable person to be able to distinguish good from evil, values that distinguishes man from beast, but also that tomorrow can raise and teach their children positive and sporting spirit, give in this way and the quality of your life.<\/p>\n<p align=\"left\">At the same time not allow the child disciplines street and point out the adversity and the taking of all other consumption&nbsp; (alcohol, drugs, cigarettes etc.).<\/p>\n<p align=\"left\">All the things which are now exposed to young people. Show the meaning of life, to enable young man that all the surplus energy that has left the sports hall.<\/p>\n","protected":false},"excerpt":{"rendered":"<p>&nbsp; JUDO KLUB PULAFIT&nbsp;&nbsp; 52100 PULA &#8211; CROATIA ul . Trg 1. ISTARSKE BRIGADE 10\/3. OIB:38839933451&nbsp;; &nbsp;MBS:1630431 RNO broj: 0077109 \u017eiro ra\u010dun RBA banka&nbsp;IBAN: HR 59&nbsp;2484008 1101226707 treninzi se odr\u017eavaju u sportskoj dvorani na III katu. KONTAKT: tel: 00385(0)91 1254 237 E-mail: jkpulafit@gmail.com \u017delimo ti srda\u010dnu dobrodo\u0161licu u judo klub &#8221; PULAFIT &#8221; vjerujem da [&hellip;]<\/p>\n","protected":false},"author":1,"featured_media":0,"parent":0,"menu_order":0,"comment_status":"closed","ping_status":"closed","template":"","meta":[],"_links":{"self":[{"href":"http:\/\/pulafit.hr\/wp\/index.php?rest_route=\/wp\/v2\/pages\/11"}],"collection":[{"href":"http:\/\/pulafit.hr\/wp\/index.php?rest_route=\/wp\/v2\/pages"}],"about":[{"href":"http:\/\/pulafit.hr\/wp\/index.php?rest_route=\/wp\/v2\/types\/page"}],"author":[{"embeddable":true,"href":"http:\/\/pulafit.hr\/wp\/index.php?rest_route=\/wp\/v2\/users\/1"}],"replies":[{"embeddable":true,"href":"http:\/\/pulafit.hr\/wp\/index.php?rest_route=%2Fwp%2Fv2%2Fcomments&post=11"}],"version-history":[{"count":16,"href":"http:\/\/pulafit.hr\/wp\/index.php?rest_route=\/wp\/v2\/pages\/11\/revisions"}],"predecessor-version":[{"id":1792,"href":"http:\/\/pulafit.hr\/wp\/index.php?rest_route=\/wp\/v2\/pages\/11\/revisions\/1792"}],"wp:attachment":[{"href":"http:\/\/pulafit.hr\/wp\/index.php?rest_route=%2Fwp%2Fv2%2Fmedia&parent=11"}],"curies":[{"name":"wp","href":"https:\/\/api.w.org\/{rel}","templated":true}]}}