{"id":12,"date":"2007-06-08T18:38:03","date_gmt":"2007-06-08T16:38:03","guid":{"rendered":"http:\/\/pulafit.hr\/wp\/?p=12"},"modified":"2015-11-22T17:13:01","modified_gmt":"2015-11-22T16:13:01","slug":"povijest-juda","status":"publish","type":"page","link":"http:\/\/pulafit.hr\/wp\/?page_id=12","title":{"rendered":"Judo"},"content":{"rendered":"<p style=\"text-align: center;\"><strong><a href=\"http:\/\/pulafit.hr\/wp\/wp-content\/uploads\/2010\/08\/I-love-judo.jpg\"><img decoding=\"async\" loading=\"lazy\" class=\"aligncenter size-full wp-image-819\" src=\"http:\/\/pulafit.hr\/wp\/wp-content\/uploads\/2010\/08\/I-love-judo.jpg\" alt=\"I love judo\" width=\"133\" height=\"133\" \/><\/a><\/strong><\/p>\n<p style=\"text-align: left;\">Postoje mnoge legende o postanku vje\u0161tine koju danas nazivamo judo. Sigurnih podataka ima me\u0111utim vrlo malo. Zna se pouzdano, da je judo, koji je u dana\u0161njoj formi nastao u Japanu, prenesen tamo iz Kine. Japanci su prihvatili od Kineza osnove \u010ditave svoje kulture i civilizacije, ali je njihov odnos prema tim elementima bio nadasve stvarala\u010dki. Oni su usavr\u0161avali ono \u0161to su od njih primili. Od juda, koji je u po\u010detku bio samo usavr\u0161en na\u010din tu\u010dnjave, stvorili su disciplinu koja u sebi sintetizira elemente filozofije, nauke, umjetnosti i \u0161porta.<\/p>\n<p style=\"text-align: left;\">Jedna legenda o postanku juda govori: \u201cBorave\u0107i u Kini japanski lije\u010dnik<strong> Akyjama Shirobei Yoshitoki<\/strong> u\u010dio je od tamo\u0161njih sve\u0107enika neke zahvate, koje su nazivali Tes, a koji su bili sastavni dio kineske vje\u0161tine <strong>Jiu-jitsu, <\/strong>tj.<strong> nje\u017ena umjetnost.<\/strong> Akyjama nikako nije mogao shvatiti osnovni princip ove vje\u0161tine koji glasi: \u201c<em>Popusti da bi pobijedio<\/em>\u201d. Jednog dana kada je padao snijeg, Akyjama je promatrao kako se pod te\u017einom snijega lome jake hrastove grane, dok se vitki bambus povija, ali ne lomi. Tada je shvatio svu dubinu kineske mudrosti i poslije svog povratka u Japan postavo je temelje mnogim \u0161kolama u kojima se izu\u010davala ova vje\u0161tina\u201d.<\/p>\n<p style=\"text-align: center;\"><img decoding=\"async\" loading=\"lazy\" class=\"aligncenter size-full wp-image-1537\" src=\"http:\/\/pulafit.hr\/wp\/wp-content\/uploads\/2007\/06\/Jiju-Jitsu.jpg\" alt=\"Jiju Jitsu\" width=\"163\" height=\"168\" \/><\/p>\n<p style=\"text-align: center;\"><strong><span class=\"style20\">Jiu-jitsu<\/span><\/strong><\/p>\n<p style=\"text-align: center;\"><img decoding=\"async\" loading=\"lazy\" class=\"aligncenter size-full wp-image-1536\" src=\"http:\/\/pulafit.hr\/wp\/wp-content\/uploads\/2007\/06\/Jigoro-Kano.jpg\" alt=\"Jigoro Kano\" width=\"274\" height=\"184\" \/><br \/>\n<strong><span class=\"style20\">Jigoro Kano demonstrira uki goshi<\/span><\/strong><\/p>\n<p><span class=\"style13\">Tako su se pomalo razvijale mnoge judo \u0161kole gdje su majstori obu\u010davali svoje u\u010denike. Judo je u Japanu dugo vremena predstavljao tajnu vje\u0161tinu, rezervirane isklju\u010divo za pripadnike povla\u0161tene ratni\u010dke kaste Samuraja. Svaka je \u0161kola imala niz svojih tajnih zahvata koje je ljubomorno \u010duvala. Tako je stvoreno stanje koje je kasnije predstavljalo ozbiljnu ko\u010dnicu daljnjem razvoju juda.<\/span><\/p>\n<p style=\"text-align: center;\"><strong><a href=\"http:\/\/pulafit.hr\/wp\/wp-content\/uploads\/2007\/06\/Jigoro-_Kano.png\"><img decoding=\"async\" loading=\"lazy\" class=\"aligncenter size-full wp-image-1538\" src=\"http:\/\/pulafit.hr\/wp\/wp-content\/uploads\/2007\/06\/Jigoro-_Kano.png\" alt=\"Jigoro _Kano\" width=\"206\" height=\"244\" \/><\/a><\/strong><\/p>\n<p style=\"text-align: center;\"><strong><span class=\"style20\">prof. Jigoro Kano<\/span><\/strong><\/p>\n<p>Svoj dana\u0161nji oblik, a i ime <strong>judo<\/strong> (<strong>nje\u017ean na\u010din\/put<\/strong>) je dobio tek <strong>1882.g.<\/strong> kada je <strong>prof. Jigoro Kano<\/strong>, nakon dubokog studija svih ostalih \u0161kola i njihovih sistema, stvorio <a href=\"http:\/\/www.kodokan.org\/\" target=\"_blank\"><strong>Kodokan<\/strong><\/a>, \u201cInstitut za tra\u017eenje puteva\u201d. On ne samo \u0161to je napravio sintezu metoda razli\u010ditih \u0161kola nego je od juda na\u010dinio zaokru\u017eeni sistem psihi\u010dkog i fizi\u010dkog odgoja u kojem je unio neke nove principe, zaslu\u017ean je posebice za razvoj bacanja u judu (<strong>Nage-waza<\/strong>).<\/p>\n<p><span class=\"style13\">Judo onakav kakvog je stvorio Kano, nai\u0161ao je na jak otpor pristalica starih \u0161kola. Taj je spor okon\u010dan u jednom susretu izme\u0111u ekipe Ko-do-kwana i reprezentacije svih ostalih \u0161kola. Svi susreti, osim dva koji su zavr\u0161eni neodlu\u010deno, zavr\u0161eni su pobjedom boraca Ko-do-kwana. Od tada i postoje borbe na strunja\u010dama u judu.<\/span><\/p>\n<p><a href=\"http:\/\/pulafit.hr\/wp\/wp-content\/uploads\/2007\/06\/eju-logo.png\"><img decoding=\"async\" loading=\"lazy\" class=\"aligncenter size-full wp-image-1539\" src=\"http:\/\/pulafit.hr\/wp\/wp-content\/uploads\/2007\/06\/eju-logo.png\" alt=\"eju logo\" width=\"210\" height=\"146\" \/><\/a><\/p>\n<p>Judo se nakon toga naglo \u0161iri, najprije u\u00a0 Japanu, a zatim po cijelom svijetu. \u0160irenju juda po svijetu su doprinijeli izaslanici Ko-do-kwana, koji su u pojedinim zemljama osnivali \u0161kole i institute za prou\u010davanje juda. Izme\u0111u dva svjetska rata judo se po\u010deo javljati u Americi i Europi, poslije drugog svjetskog rata organizirana je <strong><a href=\"http:\/\/www.europejudo.com\/html\/frame.html\" target=\"_blank\">Europska judo unija<\/a><\/strong> (EJU) <strong>1948.g<\/strong>., a <strong>1951.g<\/strong>. i <strong><a href=\"http:\/\/www.ijf.org\/\" target=\"_blank\">Me\u0111unarodna judo federacija<\/a><\/strong> (IJF). Pravila borbe standardizirana su 1951. godine.<\/p>\n<p><img decoding=\"async\" loading=\"lazy\" class=\" size-full wp-image-1540 aligncenter\" src=\"http:\/\/pulafit.hr\/wp\/wp-content\/uploads\/2007\/06\/ijf.png\" alt=\"ijf\" width=\"225\" height=\"225\" \/><\/p>\n","protected":false},"excerpt":{"rendered":"<p>Postoje mnoge legende o postanku vje\u0161tine koju danas nazivamo judo. Sigurnih podataka ima me\u0111utim vrlo malo. Zna se pouzdano, da je judo, koji je u dana\u0161njoj formi nastao u Japanu, prenesen tamo iz Kine. Japanci su prihvatili od Kineza osnove \u010ditave svoje kulture i civilizacije, ali je njihov odnos prema tim elementima bio nadasve stvarala\u010dki. [&hellip;]<\/p>\n","protected":false},"author":1,"featured_media":0,"parent":0,"menu_order":0,"comment_status":"closed","ping_status":"closed","template":"","meta":[],"_links":{"self":[{"href":"http:\/\/pulafit.hr\/wp\/index.php?rest_route=\/wp\/v2\/pages\/12"}],"collection":[{"href":"http:\/\/pulafit.hr\/wp\/index.php?rest_route=\/wp\/v2\/pages"}],"about":[{"href":"http:\/\/pulafit.hr\/wp\/index.php?rest_route=\/wp\/v2\/types\/page"}],"author":[{"embeddable":true,"href":"http:\/\/pulafit.hr\/wp\/index.php?rest_route=\/wp\/v2\/users\/1"}],"replies":[{"embeddable":true,"href":"http:\/\/pulafit.hr\/wp\/index.php?rest_route=%2Fwp%2Fv2%2Fcomments&post=12"}],"version-history":[{"count":7,"href":"http:\/\/pulafit.hr\/wp\/index.php?rest_route=\/wp\/v2\/pages\/12\/revisions"}],"predecessor-version":[{"id":1542,"href":"http:\/\/pulafit.hr\/wp\/index.php?rest_route=\/wp\/v2\/pages\/12\/revisions\/1542"}],"wp:attachment":[{"href":"http:\/\/pulafit.hr\/wp\/index.php?rest_route=%2Fwp%2Fv2%2Fmedia&parent=12"}],"curies":[{"name":"wp","href":"https:\/\/api.w.org\/{rel}","templated":true}]}}