{"id":14,"date":"2007-06-08T18:46:43","date_gmt":"2007-06-08T16:46:43","guid":{"rendered":"http:\/\/pulafit.hr\/wp\/?p=14"},"modified":"2010-07-12T18:31:42","modified_gmt":"2010-07-12T17:31:42","slug":"2-2","status":"publish","type":"page","link":"http:\/\/pulafit.hr\/wp\/?page_id=14","title":{"rendered":"Dr. Jigoro Kano"},"content":{"rendered":"<h4>Nekoliko osnovnih stvari o osniva\u010du juda:<\/h4>\n<p><img decoding=\"async\" loading=\"lazy\" src=\"http:\/\/www.pulafit.hr\/images\/kano.jpg\" alt=\"Jigoro Kano-osniva\u010d Juda\" hspace=\"12\" width=\"204\" height=\"264\" align=\"left\" \/><strong>Dr. Jigoro Kano <\/strong><\/p>\n<p><strong>JIGORO KANO<\/strong> ro\u0111en 28.listopada 1860. &#8211; godine u selu Mikage u okrugu Kobeu u Japanu, a 1871 godine se sa obitelji preselio u Tokyo umro je 03.svibnja 1938. godine u 78.godini \u017eivota. 1881. godine diplomirao je ekonomske i politi\u010dke znanosti, a 1889. godine doktorirao na podru\u010dju filozofije.<\/p>\n<p><strong>1882. godine<\/strong> osnovao vlastitu \u0161kolu i nazvao je <strong>KODOKAN<\/strong> , a svoju vje\u0161tinu nazvao <strong>judo<\/strong>. KODOKAN JUDO zna\u010di ( <strong>KO<\/strong> &#8211; studij , metoda u\u010denja <strong>DO<\/strong>&#8211; put i <strong>KAN <\/strong>&#8211; dvorana sportska hala.<strong>JU<\/strong>-zna\u010di nje\u017ean <strong>DO <\/strong>&#8211; put ili vje\u0161tina ( nje\u017ena vje\u0161tina ). Prvi Kodokan je imao samo 12 strunja\u010da i devet studenata , danas KODOKAN ima preko 500 tatamija i vi\u0161e od milijun posjetilaca na godinu .<!--more--><br \/>\nJudo se razvio kao sportski oblik od jujutsu borila\u010dke vje\u0161tine gdje je ja\u010di i superiorniji uvijek pobje\u0111ivao nanose\u0107i te\u0161ke ozljede svom protivniku. Kano je izbacio opasne tehnike ,a u judo je unio nove zakonitosti od pravila borbe te samog principa juda da judoka koristi snagu svog protivnika u svoju korist , koristiti sve ono \u0161to mu omogu\u0107uje iako je fizi\u010dki slabiji da mo\u017ee pobijediti svog protivnika. Najve\u0107i u\u010dinak sa najmanje napora temeljni princip juda. Judo je idealna harmonija izme\u0111u tijela i uma.<br \/>\n<strong>1887. godine<\/strong> izvr\u0161ena je kategorizacija juda.<br \/>\n<strong>1895. godine<\/strong> Kano je klasificirao tehnike bacanja u Go Kyo No Waza<br \/>\n<strong>1889. godine<\/strong> Jigoro Kano dolazi u Europu i SAD da bi propagirao judo .<br \/>\n<strong>1909. godine<\/strong> postaje prvi Japanac \u010dlan Me\u0111unarodnog Olimpijskog komiteta .<br \/>\n<strong>1938. godine<\/strong> osnivaju se prve \u0161kole juda u Europi.<br \/>\nU drugom svjetskom ratu judo se koristi kao vje\u0161tina za obuku komandosa i specijalnih vojnih snaga.<br \/>\n<strong>1951.godine<\/strong> judo dolazi u Hrvatsku u Zagreb, a prvi osnovani klub je sada\u0161nji HAJK Mladost Zagreb.<br \/>\n<strong>1964. godine<\/strong> judo je u Tokyo prvi put kao \u0161port na Olimpijskim igrama.<\/p>\n","protected":false},"excerpt":{"rendered":"<p>Nekoliko osnovnih stvari o osniva\u010du juda: Dr. Jigoro Kano JIGORO KANO ro\u0111en 28.listopada 1860. &#8211; godine u selu Mikage u okrugu Kobeu u Japanu, a 1871 godine se sa obitelji preselio u Tokyo umro je 03.svibnja 1938. godine u 78.godini \u017eivota. 1881. godine diplomirao je ekonomske i politi\u010dke znanosti, a 1889. godine doktorirao na podru\u010dju [&hellip;]<\/p>\n","protected":false},"author":1,"featured_media":0,"parent":12,"menu_order":0,"comment_status":"open","ping_status":"closed","template":"","meta":[],"_links":{"self":[{"href":"http:\/\/pulafit.hr\/wp\/index.php?rest_route=\/wp\/v2\/pages\/14"}],"collection":[{"href":"http:\/\/pulafit.hr\/wp\/index.php?rest_route=\/wp\/v2\/pages"}],"about":[{"href":"http:\/\/pulafit.hr\/wp\/index.php?rest_route=\/wp\/v2\/types\/page"}],"author":[{"embeddable":true,"href":"http:\/\/pulafit.hr\/wp\/index.php?rest_route=\/wp\/v2\/users\/1"}],"replies":[{"embeddable":true,"href":"http:\/\/pulafit.hr\/wp\/index.php?rest_route=%2Fwp%2Fv2%2Fcomments&post=14"}],"version-history":[{"count":1,"href":"http:\/\/pulafit.hr\/wp\/index.php?rest_route=\/wp\/v2\/pages\/14\/revisions"}],"predecessor-version":[{"id":797,"href":"http:\/\/pulafit.hr\/wp\/index.php?rest_route=\/wp\/v2\/pages\/14\/revisions\/797"}],"up":[{"embeddable":true,"href":"http:\/\/pulafit.hr\/wp\/index.php?rest_route=\/wp\/v2\/pages\/12"}],"wp:attachment":[{"href":"http:\/\/pulafit.hr\/wp\/index.php?rest_route=%2Fwp%2Fv2%2Fmedia&parent=14"}],"curies":[{"name":"wp","href":"https:\/\/api.w.org\/{rel}","templated":true}]}}