{"id":24,"date":"2007-07-17T11:30:00","date_gmt":"2007-07-17T09:30:00","guid":{"rendered":"http:\/\/pulafit.hr\/wp\/?p=24"},"modified":"2025-02-01T21:51:30","modified_gmt":"2025-02-01T19:51:30","slug":"pravila-olimpijskog-juda","status":"publish","type":"page","link":"http:\/\/pulafit.hr\/wp\/?page_id=24","title":{"rendered":"Pravila &#8211;  natjecanja i su\u0111enja"},"content":{"rendered":"<p style=\"text-align: center;\">NOVI DODATAK PRAVILA ZA 2018 GODINU:<br \/>\n<a href=\"http:\/\/pulafit.hr\/wp\/wp-content\/uploads\/2018\/02\/IJF-izmjena-pravila-01012018_ver2.-HR.pdf\">IJF izmjena pravila 01012018_ver2. HR<\/a><\/p>\n<p style=\"text-align: center;\"><span class=\"mw-headline\"><strong><a href=\"http:\/\/pulafit.hr\/wp\/wp-content\/uploads\/2007\/07\/grandprix2015.jpg\"><img decoding=\"async\" loading=\"lazy\" class=\"aligncenter size-thumbnail wp-image-1598\" src=\"http:\/\/pulafit.hr\/wp\/wp-content\/uploads\/2007\/07\/grandprix2015-300x300.jpg\" alt=\"grandprix2015\" width=\"300\" height=\"300\" \/><\/a><\/strong><\/span><\/p>\n<p style=\"text-align: center;\"><span class=\"mw-headline\"><strong>Pravila za judo suce<\/strong><\/span><\/p>\n<p style=\"text-align: left;\"><span class=\"mw-headline\"><strong>Pravila olimpijskog juda &#8211; osnove<\/strong><\/span><\/p>\n<p>Judo me\u010d se odr\u017eava na mekanoj podlozi (<em>Tatami<\/em>), veli\u010dine u prosjeku 10&#215;10 <a title=\"Metar\" href=\"http:\/\/hr.wikipedia.org\/wiki\/Metar\">metara<\/a>.\u00a04 metra sa svake strane \u010dine &#8220;sigurnu zonu&#8221;. Izvan\u00a0borili\u0161ta\u00a0nije dozvoljeno izvoditi bacanja, no ako bacanje zapo\u010dne unutar tatamija, a ba\u010deni natjecatelj padne unutar sigurne zone, bacanje se smatra valjanim.<\/p>\n<p>U me\u010du se mo\u017ee pobijediti:<\/p>\n<ol>\n<li>Bacanjem<\/li>\n<li>U parteru ( gu\u0161enjem, polugom i zahvatom dr\u017eanja od 20 sek. )<\/li>\n<li>Na bodove &#8211; waza-ri ( dva wazarija, wazari avasete ippon ) ili ako samo jedan u regularnom dijelu borbe ostvari yuko prednost.<\/li>\n<li>Diskvalifikacija &#8211; hansoku make (tri shida)<\/li>\n<\/ol>\n<p><a href=\"http:\/\/pulafit.hr\/wp\/wp-content\/uploads\/2007\/06\/Martina-i-Eva.jpg\"><img decoding=\"async\" loading=\"lazy\" class=\"aligncenter size-thumbnail wp-image-1535\" src=\"http:\/\/pulafit.hr\/wp\/wp-content\/uploads\/2007\/06\/Martina-i-Eva-300x300.jpg\" alt=\"Martina i Eva\" width=\"300\" height=\"300\" \/><\/a><\/p>\n<h3><span class=\"mw-headline\">Pobjeda bacanjem<\/span><\/h3>\n<p>Ako protivnika bacimo na le\u0111a s razumnom koli\u010dinom snage, zaradili smo 10 bodova (<em>ippon<\/em>) i istog trena pobije\u0111ujemo. Ako ga bacimo s razumnom koli\u010dinom snage ali bez potpune kontrole bacanja, a protivnik padne djelomi\u010dno na le\u0111a dobivamo 1 bod (<em>waza-ari<\/em>) ili ako padne na bok ili sjedne dobiva 0,5 boda ili yuko. ( neograni\u010deni broj yuko dobiven u borbi nije ve\u0107i od wazarija).<br \/>\nZa uspjela bacanja koja su ipak bila lo\u0161ije izvedena i ne zaslu\u017euju ippon , \u00a0waza-ari se dodjeljuje i \u00a0za bacanje na bok ili sjede\u0107eg polo\u017eaja kada su oba lakta unatrag . Va\u017eno je napomenuti da su kumulativni, zna\u010di njima je mogu\u0107e pobijediti. Pobjeda se mo\u017ee ostvariti prije isteka vremena samo na ippon ili diskvalifikacijom Hansokumake, odnosno pobjednik je onaj koji skupi dva wazaarija u tijeku borbe.<\/p>\n<h3><span class=\"mw-headline\">Pobjeda u parteru<\/span><\/h3>\n<p>Ako ste bacili protivnika nekom tehnikom, no niste zaradili ippon, borbu mo\u017eete nastaviti u parteru. Poanta je protivnikova le\u0111a ili barem jedno rame kontrolirati odnosno priljepiti za tatami i dr\u017eati ih tako: 20 sekundi (ippon),\u00a0 10-19\u00a0 sekundi (waza-ari) 5-9 sekundi yuko.U golden score dovoljno je dr\u017eati 5 sekundi u zahvatu dr\u017eanja i ostvariti pobjedu.<br \/>\nOsim dr\u017eanjem, u parteru se mo\u017ee pobijediti gu\u0161enjem ili polugom na ruci (U tom slu\u010daju se protivnik izvla\u010di iz zahvata tako da 2 puta tapka po vama ili tatamiju i samim time predaje\u00a0 i automatski gubi me\u010d).<\/p>\n<h3><span class=\"mw-headline\">Pobjeda na bodove<\/span><\/h3>\n<p>Ako dodje do toga da niti jedan borac nakon isteka vremena nije zaradio ippon ili\u00a0 waza-ari ili yuko, odlu\u010duju bodovi.\u00a0\u00a0 U slucaju da oba borca imaju isti broj\u00a0\u00a0Waz-arija ili yuko ponovo ide novi me\u010d &#8221; Goleden score&#8221; \u00a0i sve prethodno ostavareno nastavlja se sve dok jedan ne postigne pobjedu.<\/p>\n<p style=\"text-align: center;\"><a href=\"http:\/\/pulafit.hr\/wp\/wp-content\/uploads\/2007\/06\/Jigoro-_Kano.png\"><img decoding=\"async\" loading=\"lazy\" class=\"aligncenter size-full wp-image-1538\" src=\"http:\/\/pulafit.hr\/wp\/wp-content\/uploads\/2007\/06\/Jigoro-_Kano.png\" alt=\"Jigoro _Kano\" width=\"206\" height=\"244\" \/><\/a><\/p>\n","protected":false},"excerpt":{"rendered":"<p>NOVI DODATAK PRAVILA ZA 2018 GODINU: IJF izmjena pravila 01012018_ver2. HR Pravila za judo suce Pravila olimpijskog juda &#8211; osnove Judo me\u010d se odr\u017eava na mekanoj podlozi (Tatami), veli\u010dine u prosjeku 10&#215;10 metara.\u00a04 metra sa svake strane \u010dine &#8220;sigurnu zonu&#8221;. Izvan\u00a0borili\u0161ta\u00a0nije dozvoljeno izvoditi bacanja, no ako bacanje zapo\u010dne unutar tatamija, a ba\u010deni natjecatelj padne unutar [&hellip;]<\/p>\n","protected":false},"author":1,"featured_media":0,"parent":12,"menu_order":0,"comment_status":"closed","ping_status":"closed","template":"","meta":[],"_links":{"self":[{"href":"http:\/\/pulafit.hr\/wp\/index.php?rest_route=\/wp\/v2\/pages\/24"}],"collection":[{"href":"http:\/\/pulafit.hr\/wp\/index.php?rest_route=\/wp\/v2\/pages"}],"about":[{"href":"http:\/\/pulafit.hr\/wp\/index.php?rest_route=\/wp\/v2\/types\/page"}],"author":[{"embeddable":true,"href":"http:\/\/pulafit.hr\/wp\/index.php?rest_route=\/wp\/v2\/users\/1"}],"replies":[{"embeddable":true,"href":"http:\/\/pulafit.hr\/wp\/index.php?rest_route=%2Fwp%2Fv2%2Fcomments&post=24"}],"version-history":[{"count":29,"href":"http:\/\/pulafit.hr\/wp\/index.php?rest_route=\/wp\/v2\/pages\/24\/revisions"}],"predecessor-version":[{"id":2013,"href":"http:\/\/pulafit.hr\/wp\/index.php?rest_route=\/wp\/v2\/pages\/24\/revisions\/2013"}],"up":[{"embeddable":true,"href":"http:\/\/pulafit.hr\/wp\/index.php?rest_route=\/wp\/v2\/pages\/12"}],"wp:attachment":[{"href":"http:\/\/pulafit.hr\/wp\/index.php?rest_route=%2Fwp%2Fv2%2Fmedia&parent=24"}],"curies":[{"name":"wp","href":"https:\/\/api.w.org\/{rel}","templated":true}]}}