{"id":25,"date":"2007-07-17T11:35:12","date_gmt":"2007-07-17T09:35:12","guid":{"rendered":"http:\/\/pulafit.hr\/wp\/?p=25"},"modified":"2017-01-30T12:15:02","modified_gmt":"2017-01-30T11:15:02","slug":"napredovanje-u-judu","status":"publish","type":"page","link":"http:\/\/pulafit.hr\/wp\/?page_id=25","title":{"rendered":"Pojasevi"},"content":{"rendered":"<h3 style=\"text-align: center;\"><a href=\"http:\/\/pulafit.hr\/wp\/wp-content\/uploads\/2012\/08\/judo-bacanje.jpg\"><img decoding=\"async\" loading=\"lazy\" width=\"150\" height=\"150\" class=\"aligncenter size-thumbnail wp-image-1154\" alt=\"judo bacanje\" src=\"http:\/\/pulafit.hr\/wp\/wp-content\/uploads\/2012\/08\/judo-bacanje-150x150.jpg\"\/><\/a><\/h3>\n<h3><strong>NAPREDOVANJE U JUDU:<\/strong><\/h3>\n<h4>PROMOCIJA U VI\u0160I KYU &#8211; U\u010cENI\u010cKI POJAS<\/h4>\n<ol type=\"1\">\n<li>Dob kandidata<\/li>\n<li>Pripremno vrijeme redovitog vje\u017ebanja i vrijeme koje si proveo u ranijem stupnju pojasa<\/li>\n<li>Natjecateljski uspjesi ( od zelenog pojasa na vi\u0161e)<\/li>\n<li>Poznavanje principa juda i teorija juda<\/li>\n<li>Poznavanje&nbsp; odre\u0111enih zahvata juda i tehnika samoobrane<\/li>\n<\/ol>\n<p>U judu se napreduje kroz slijede\u0107e klase ili stupnjeve pojasa:<\/p>\n<p>Pravilnik Hrvatskog judo saveza za Kyu pojaseve i vrijeme napredovanja:<\/p>\n<p><a title=\"pravilnk-kyu-pojasevi-final.pdf\" href=\"http:\/\/pulafit.hr\/wp\/wp-content\/uploads\/2008\/12\/pravilnk-kyu-pojasevi-final.pdf\">pravilnk-kyu-pojasevi-final.pdf<\/a><\/p>\n<p>Svi ispitanici koji polo\u017ee KYU pojas dobiti \u0107e diplomu kao potvrdu za savladana znanja koje \u0107e mu dodijeliti njegov klub. Diplome tiska i distribuira isklju\u010divo HJS i jedino one predstavljaju valjanu potvrdu ste\u010denog znanja.<br \/>\nSvi u\u010deni\u010dki KYU pojasevi pola\u017eu se pred klupskom komisijom &#8211; ovla\u0161tenim ispitiva\u010dem od strane Hrvatskog judo saveza , a svi ostali \u010dlanovi moraju biti nosioci DAN pojasa.<\/p>\n<p>Uvjeti za promicanje majstora juda jeste polo\u017eeni ispit za majstorskog kandidata , daljnjim vje\u017ebanjem i uspjesima u natjecanju i stru\u010dnom radu ( kao trener ili sudac ) dosti\u017ee\u0161 stupanj majstora juda&nbsp;, san mnogih koji su po\u010deli trenirati judo , ali \u010dije ostvarenje do\u010dekuju samo oni najuporniji.<\/p>\n<p style=\"text-align: center;\"><a href=\"http:\/\/pulafit.hr\/wp\/wp-content\/uploads\/2010\/04\/Anto-Prgomet-6.-DAN1.jpg\"><img decoding=\"async\" loading=\"lazy\" width=\"150\" height=\"150\" class=\"aligncenter size-thumbnail wp-image-722\" alt=\"Anto Prgomet 6. DAN\" src=\"http:\/\/pulafit.hr\/wp\/wp-content\/uploads\/2010\/04\/Anto-Prgomet-6.-DAN1-150x150.jpg\"\/><\/a><\/p>\n<p><strong>b) Klasa majstora :<\/strong><\/p>\n<table width=\"100%\" border=\"1\" cellspacing=\"0\" cellpadding=\"0\">\n<tbody>\n<tr>\n<td width=\"158\" valign=\"top\"><strong>stupanj pojasa<\/strong><\/td>\n<td width=\"316\" valign=\"top\" colspan=\"2\"><strong>boja pojasa<\/strong><\/td>\n<td width=\"158\" valign=\"top\"><strong>Japanski naziv<\/strong><\/td>\n<\/tr>\n<tr>\n<td width=\"158\" valign=\"top\"><strong>1. DAN<\/strong><\/td>\n<td width=\"158\" valign=\"top\"><strong><img decoding=\"async\" loading=\"lazy\" width=\"38\" height=\"24\" alt=\"\" src=\"http:\/\/www.pulafit.hr\/images\/pojasevi\/pojasevi_clip_image001.gif\"\/><\/strong><\/td>\n<td width=\"158\" valign=\"top\"><strong>crna<\/strong><\/td>\n<td width=\"158\" valign=\"top\"><strong>SHODAN<\/strong><\/td>\n<\/tr>\n<tr>\n<td width=\"158\" valign=\"top\"><strong>2. DAN<\/strong><\/td>\n<td width=\"158\" valign=\"top\"><strong><img decoding=\"async\" loading=\"lazy\" width=\"38\" height=\"24\" alt=\"\" src=\"http:\/\/www.pulafit.hr\/images\/pojasevi\/pojasevi_clip_image001_0000.gif\"\/><\/strong><\/td>\n<td width=\"158\" valign=\"top\"><strong>crna<\/strong><\/td>\n<td width=\"158\" valign=\"top\"><strong>NIDAN<\/strong><\/td>\n<\/tr>\n<tr>\n<td width=\"158\" valign=\"top\"><strong>3. DAN<\/strong><\/td>\n<td width=\"158\" valign=\"top\"><strong><img decoding=\"async\" loading=\"lazy\" width=\"38\" height=\"24\" alt=\"\" src=\"http:\/\/www.pulafit.hr\/images\/pojasevi\/pojasevi_clip_image001_0001.gif\"\/><\/strong><\/td>\n<td width=\"158\" valign=\"top\"><strong>crna<\/strong><\/td>\n<td width=\"158\" valign=\"top\"><strong>SANDAN<\/strong><\/td>\n<\/tr>\n<tr>\n<td width=\"158\" valign=\"top\"><strong>4. DAN<\/strong><\/td>\n<td width=\"158\" valign=\"top\"><strong><img decoding=\"async\" loading=\"lazy\" width=\"38\" height=\"24\" alt=\"\" src=\"http:\/\/www.pulafit.hr\/images\/pojasevi\/pojasevi_clip_image001_0002.gif\"\/><\/strong><\/td>\n<td width=\"158\" valign=\"top\"><strong>crna<\/strong><\/td>\n<td width=\"158\" valign=\"top\"><strong>SHIDAN<\/strong><\/td>\n<\/tr>\n<tr>\n<td width=\"158\" valign=\"top\"><strong>5. DAN<\/strong><\/td>\n<td width=\"158\" valign=\"top\"><strong><img decoding=\"async\" loading=\"lazy\" width=\"38\" height=\"24\" alt=\"\" src=\"http:\/\/www.pulafit.hr\/images\/pojasevi\/pojasevi_clip_image001_0003.gif\"\/><\/strong><\/td>\n<td width=\"158\" valign=\"top\"><strong>crna<\/strong><\/td>\n<td width=\"158\" valign=\"top\"><strong>GODAN<\/strong><\/td>\n<\/tr>\n<tr>\n<td width=\"158\" valign=\"top\"><strong>6. DAN<\/strong><\/td>\n<td width=\"158\" valign=\"top\"><strong><img decoding=\"async\" loading=\"lazy\" width=\"38\" height=\"24\" alt=\"\" src=\"http:\/\/www.pulafit.hr\/images\/pojasevi\/pojasevi_clip_image002.gif\"\/><\/strong><\/td>\n<td width=\"158\" valign=\"top\"><strong>crveno &#8211; bijela <\/strong><\/td>\n<td width=\"158\" valign=\"top\"><strong>ROKUDAN<\/strong><\/td>\n<\/tr>\n<tr>\n<td width=\"158\" valign=\"top\"><strong>7. DAN<\/strong><\/td>\n<td width=\"158\" valign=\"top\"><strong><img decoding=\"async\" loading=\"lazy\" width=\"38\" height=\"24\" alt=\"\" src=\"http:\/\/www.pulafit.hr\/images\/pojasevi\/pojasevi_clip_image002_0000.gif\"\/><\/strong><\/td>\n<td width=\"158\" valign=\"top\"><strong>crveno &#8211; bijela<\/strong><\/td>\n<td width=\"158\" valign=\"top\"><strong>SHICHIDAN<\/strong><\/td>\n<\/tr>\n<tr>\n<td width=\"158\" valign=\"top\"><strong>8. DAN<\/strong><\/td>\n<td width=\"158\" valign=\"top\"><strong><img decoding=\"async\" loading=\"lazy\" width=\"38\" height=\"24\" alt=\"\" src=\"http:\/\/www.pulafit.hr\/images\/pojasevi\/pojasevi_clip_image002_0001.gif\"\/><\/strong><\/td>\n<td width=\"158\" valign=\"top\"><strong>crveno &#8211; bijela<\/strong><\/td>\n<td width=\"158\" valign=\"top\"><strong>HACHIDAN<\/strong><\/td>\n<\/tr>\n<tr>\n<td width=\"158\" valign=\"top\"><strong>9. DAN<\/strong><\/td>\n<td width=\"158\" valign=\"top\"><strong><img decoding=\"async\" loading=\"lazy\" width=\"38\" height=\"24\" alt=\"\" src=\"http:\/\/www.pulafit.hr\/images\/pojasevi\/pojasevi_clip_image003.gif\"\/><\/strong><\/td>\n<td width=\"158\" valign=\"top\"><strong>crvena<\/strong><\/td>\n<td width=\"158\" valign=\"top\"><strong>KUDAN<\/strong><\/td>\n<\/tr>\n<tr>\n<td width=\"158\" valign=\"top\"><strong>10. DAN<\/strong><\/td>\n<td width=\"158\" valign=\"top\"><strong><img decoding=\"async\" loading=\"lazy\" width=\"38\" height=\"24\" alt=\"\" src=\"http:\/\/www.pulafit.hr\/images\/pojasevi\/pojasevi_clip_image003_0000.gif\"\/><\/strong><\/td>\n<td width=\"158\" valign=\"top\"><strong>crvena<\/strong><\/td>\n<td width=\"158\" valign=\"top\"><strong>JUDAN<\/strong><\/td>\n<\/tr>\n<\/tbody>\n<\/table>\n<p>U judu mo\u017ee\u0161 neprestano napredovati&nbsp; , trener te samo vodi , a sve ostalo isklju\u010divo ovisi o tebi, bez obzira da li \u0107e\u0161 se natjecati ili samo vje\u017ebati judo iz svog zadovoljstva i radi koristi koje judo pru\u017ea svima koji se njime bavi.<\/p>\n<p style=\"text-align: center;\"><a href=\"http:\/\/pulafit.hr\/wp\/wp-content\/uploads\/2012\/08\/zahvati-dr\u017eanja.jpg\"><img decoding=\"async\" loading=\"lazy\" width=\"150\" height=\"150\" class=\"aligncenter size-thumbnail wp-image-1155\" alt=\"zahvati dr\u017eanja\" src=\"http:\/\/pulafit.hr\/wp\/wp-content\/uploads\/2012\/08\/zahvati-dr\u017eanja-150x150.jpg\"\/><\/a><\/p>\n<p><strong>PROGRAM ZA&nbsp; KYU POJASEVE:<\/strong><\/p>\n<p><strong>8 KYU<\/strong> -BIJELO \u017dUTI POJAS &#8211; <a title=\"8kyu.pdf\" href=\"http:\/\/pulafit.hr\/wp\/wp-content\/uploads\/2008\/12\/8kyu.pdf\">8kyu.pdf<\/a><\/p>\n<p><strong>7 KYU<\/strong> -\u017dUTI POJAS &#8211; <a title=\"7kyu.pdf\" href=\"http:\/\/pulafit.hr\/wp\/wp-content\/uploads\/2008\/12\/7kyu.pdf\">7kyu.pdf<\/a><\/p>\n<p><strong>6 KYU<\/strong> &#8211; \u017dUTO NARAN\u010cASTI POJAS &#8211;<a title=\"6kyu.pdf\" href=\"http:\/\/pulafit.hr\/wp\/wp-content\/uploads\/2008\/12\/6kyu.pdf\">6kyu.pdf<\/a><\/p>\n<p><strong>5 KYU<\/strong> &#8211; NARAN\u010cASTI POJAS &#8211; <a title=\"5kyu.pdf\" href=\"http:\/\/pulafit.hr\/wp\/wp-content\/uploads\/2008\/12\/5kyu.pdf\">5kyu.pdf<\/a><\/p>\n<p><strong>4 KYU<\/strong> &#8211; NARAN\u010cASTO ZELENI POJAS &#8211; <a title=\"4kyu.pdf\" href=\"http:\/\/pulafit.hr\/wp\/wp-content\/uploads\/2008\/12\/4kyu.pdf\">4kyu.pdf<\/a><\/p>\n<p><strong>3 KYU<\/strong> &#8211; ZELENI POJAS &#8211;<a title=\"3kyu.pdf\" href=\"http:\/\/pulafit.hr\/wp\/wp-content\/uploads\/2008\/12\/3kyu.pdf\">3kyu.pdf<\/a><\/p>\n<p><strong>2 KYU<\/strong> &#8211; PLAVI POJAS &#8211; <a title=\"2kyu.pdf\" href=\"http:\/\/pulafit.hr\/wp\/wp-content\/uploads\/2008\/12\/2kyu.pdf\">2kyu.pdf<\/a><\/p>\n<p><strong>1 KYU<\/strong> &#8211; SMEDJI POJAS &#8211;<a title=\"1kyu.pdf\" href=\"http:\/\/pulafit.hr\/wp\/wp-content\/uploads\/2008\/12\/1kyu.pdf\">1kyu.pdf<\/a><\/p>\n<p>CRNI POJAS &#8211; <strong>1. DAN<\/strong> &#8211; <a title=\"program-za-polganje-1-dan-pojas.pdf\" href=\"http:\/\/pulafit.hr\/wp\/wp-content\/uploads\/2008\/12\/program-za-polganje-1-dan-pojas.pdf\">program-za-polganje-1-dan-pojas.pdf<\/a><\/p>\n","protected":false},"excerpt":{"rendered":"<p>NAPREDOVANJE U JUDU: PROMOCIJA U VI\u0160I KYU &#8211; U\u010cENI\u010cKI POJAS Dob kandidata Pripremno vrijeme redovitog vje\u017ebanja i vrijeme koje si proveo u ranijem stupnju pojasa Natjecateljski uspjesi ( od zelenog pojasa na vi\u0161e) Poznavanje principa juda i teorija juda Poznavanje&nbsp; odre\u0111enih zahvata juda i tehnika samoobrane U judu se napreduje kroz slijede\u0107e klase ili stupnjeve [&hellip;]<\/p>\n","protected":false},"author":1,"featured_media":0,"parent":12,"menu_order":0,"comment_status":"closed","ping_status":"closed","template":"","meta":[],"_links":{"self":[{"href":"http:\/\/pulafit.hr\/wp\/index.php?rest_route=\/wp\/v2\/pages\/25"}],"collection":[{"href":"http:\/\/pulafit.hr\/wp\/index.php?rest_route=\/wp\/v2\/pages"}],"about":[{"href":"http:\/\/pulafit.hr\/wp\/index.php?rest_route=\/wp\/v2\/types\/page"}],"author":[{"embeddable":true,"href":"http:\/\/pulafit.hr\/wp\/index.php?rest_route=\/wp\/v2\/users\/1"}],"replies":[{"embeddable":true,"href":"http:\/\/pulafit.hr\/wp\/index.php?rest_route=%2Fwp%2Fv2%2Fcomments&post=25"}],"version-history":[{"count":5,"href":"http:\/\/pulafit.hr\/wp\/index.php?rest_route=\/wp\/v2\/pages\/25\/revisions"}],"predecessor-version":[{"id":1702,"href":"http:\/\/pulafit.hr\/wp\/index.php?rest_route=\/wp\/v2\/pages\/25\/revisions\/1702"}],"up":[{"embeddable":true,"href":"http:\/\/pulafit.hr\/wp\/index.php?rest_route=\/wp\/v2\/pages\/12"}],"wp:attachment":[{"href":"http:\/\/pulafit.hr\/wp\/index.php?rest_route=%2Fwp%2Fv2%2Fmedia&parent=25"}],"curies":[{"name":"wp","href":"https:\/\/api.w.org\/{rel}","templated":true}]}}