{"id":778,"date":"2010-07-12T17:37:39","date_gmt":"2010-07-12T16:37:39","guid":{"rendered":"http:\/\/pulafit.hr\/wp\/?page_id=778"},"modified":"2018-07-03T18:40:08","modified_gmt":"2018-07-03T17:40:08","slug":"12-2","status":"publish","type":"page","link":"http:\/\/pulafit.hr\/wp\/?page_id=778","title":{"rendered":"Dobrodo\u0161lica"},"content":{"rendered":"<p><a title=\"marija prgomet\" href=\"http:\/\/pulafit.hr\/wp\/?attachment_id=36\" rel=\"attachment wp-att-36\"><img decoding=\"async\" title=\"marija prgomet\" align=\"left\" alt=\"marija prgomet\" src=\"http:\/\/pulafit.hr\/wp\/wp-content\/uploads\/2007\/07\/new-21.jpg\"\/><\/a><\/p>\n<p>\u017delimo ti dobrodo\u0161licu u judo klub vjerujem da \u0107e\u0161 zavoljeti ovaj lijepi sport i da \u0107e\u0161 marljivo vje\u017ebati i napredovati u svom sportskom usavr\u0161avanju. \u017delimo pomo\u0107i svima onima koji kre\u0107u da bolje upoznaju judo sport, svoj klub. Onome koji \u017eeli da napreduje i bude zdrava i sposobna osoba, onome koji \u017eeli ne\u0161to da postigne u \u017eivotu. Isto tako da mu omogu\u0107imo&nbsp; lijepa putovanja i dru\u017eenja upoznavanje novih prijatelja.<\/p>\n<p>Po\u0161tivanje roditelja i lijepo pona\u0161anje prema starijima dobro vladanje i u\u010denje u \u0161koli&nbsp;vrlo su bitni u sportu,&nbsp;isto tako&nbsp;i redovit dolazak na trening sastavni su dijelovi i znak za uspjeh u sportu.<\/p>\n<p>&nbsp;<\/p>\n<p><strong>Samo rad donosi rezultat.<\/strong><\/p>\n<p>&nbsp;<\/p>\n<p><strong>&nbsp;&nbsp; Predsjednica&nbsp;&nbsp;kluba:<\/strong><\/p>\n<p><strong>Marija Prgomet, 3. DAN<\/strong><\/p>\n<p><a title=\"jez21.gif\" href=\"http:\/\/pulafit.hr\/wp\/wp-content\/uploads\/2008\/12\/jez21.gif\"><img decoding=\"async\" loading=\"lazy\" width=\"69\" height=\"35\" alt=\"jez21.gif\" src=\"http:\/\/pulafit.hr\/wp\/wp-content\/uploads\/2008\/12\/jez21.thumbnail.gif\"\/><\/a><\/p>\n<p>We wish you welcome in the judo club believe that you will love this beautiful sport, and that you practice hard and get along in their sports training. We want to help all those who move to better learn judo sport, his club. Those who wants to progress and be healthy and capable persons, those who want to achieve something in life. Similarly, to enable him to travel and beautiful socializing meeting new friends. Respect for parents and nice behavior toward&nbsp;olders good behavior and learning in school are very important in sport, so regular arrival at the training component parts and are a sign of success in sport.<\/p>\n<p><strong>Only work brings results.<\/strong><\/p>\n<p>The President of the club:<\/p>\n<p>Marija Prgomet, 3. DAN<\/p>\n","protected":false},"excerpt":{"rendered":"<p>\u017delimo ti dobrodo\u0161licu u judo klub vjerujem da \u0107e\u0161 zavoljeti ovaj lijepi sport i da \u0107e\u0161 marljivo vje\u017ebati i napredovati u svom sportskom usavr\u0161avanju. \u017delimo pomo\u0107i svima onima koji kre\u0107u da bolje upoznaju judo sport, svoj klub. Onome koji \u017eeli da napreduje i bude zdrava i sposobna osoba, onome koji \u017eeli ne\u0161to da postigne u [&hellip;]<\/p>\n","protected":false},"author":1,"featured_media":0,"parent":0,"menu_order":0,"comment_status":"closed","ping_status":"closed","template":"","meta":[],"_links":{"self":[{"href":"http:\/\/pulafit.hr\/wp\/index.php?rest_route=\/wp\/v2\/pages\/778"}],"collection":[{"href":"http:\/\/pulafit.hr\/wp\/index.php?rest_route=\/wp\/v2\/pages"}],"about":[{"href":"http:\/\/pulafit.hr\/wp\/index.php?rest_route=\/wp\/v2\/types\/page"}],"author":[{"embeddable":true,"href":"http:\/\/pulafit.hr\/wp\/index.php?rest_route=\/wp\/v2\/users\/1"}],"replies":[{"embeddable":true,"href":"http:\/\/pulafit.hr\/wp\/index.php?rest_route=%2Fwp%2Fv2%2Fcomments&post=778"}],"version-history":[{"count":12,"href":"http:\/\/pulafit.hr\/wp\/index.php?rest_route=\/wp\/v2\/pages\/778\/revisions"}],"predecessor-version":[{"id":1788,"href":"http:\/\/pulafit.hr\/wp\/index.php?rest_route=\/wp\/v2\/pages\/778\/revisions\/1788"}],"wp:attachment":[{"href":"http:\/\/pulafit.hr\/wp\/index.php?rest_route=%2Fwp%2Fv2%2Fmedia&parent=778"}],"curies":[{"name":"wp","href":"https:\/\/api.w.org\/{rel}","templated":true}]}}